{"id":3,"date":"2024-05-25T10:04:45","date_gmt":"2024-05-25T10:04:45","guid":{"rendered":"https:\/\/heck-partner.lobal.at\/?page_id=3"},"modified":"2024-07-03T19:26:06","modified_gmt":"2024-07-03T19:26:06","slug":"privacy-policy","status":"publish","type":"page","link":"https:\/\/heck-partner.com\/de\/privacy-policy\/","title":{"rendered":"Privacy Policy"},"content":{"rendered":"\t\t<div data-elementor-type=\"wp-page\" data-elementor-id=\"3\" class=\"elementor elementor-3\" data-elementor-post-type=\"page\">\n\t\t\t\t<div class=\"elementor-element elementor-element-164f12ff e-flex e-con-boxed e-con e-parent\" data-id=\"164f12ff\" data-element_type=\"container\">\n\t\t\t\t\t<div class=\"e-con-inner\">\n\t\t\t\t<div class=\"elementor-element elementor-element-219baced elementor-widget elementor-widget-text-editor\" data-id=\"219baced\" data-element_type=\"widget\" data-widget_type=\"text-editor.default\">\n\t\t\t\t<div class=\"elementor-widget-container\">\n\t\t\t\t\t\t\t\t\t<div id=\"comp-kmgax61u\" class=\"HcOXKn SxM0TO QxJLC3 comp-kmgax61u wixui-rich-text\" data-testid=\"richTextElement\">\n<p class=\"font_8 wixui-rich-text__text\"><span class=\"wixui-rich-text__text\"><b>Datenschutzerkl\u00e4rung<\/b><\/span><\/p>\n<p class=\"font_8 wixui-rich-text__text\"><br class=\"wixui-rich-text__text\" \/>\u00a0<\/p>\n<p class=\"font_8 wixui-rich-text__text\"><span class=\"wixui-rich-text__text\"><b>Datenschutz H+P Consult GmbH<\/b><\/span><\/p>\n<p class=\"font_8 wixui-rich-text__text\">\u00a0<\/p>\n<p class=\"font_8 wixui-rich-text__text\">H+P Consult GmbH nimmt den Schutz Ihrer personenbezogenen Daten sehr ernst. Wir verarbeiten Ihre personenbezogenen Daten entsprechend der gesetzlichen Datenschutzvorschriften sowie dieser Datenschutzerkl\u00e4rung.<\/p>\n<p class=\"font_8 wixui-rich-text__text\">\u00a0<\/p>\n<p class=\"font_8 wixui-rich-text__text\">Die Nutzung unserer Webseite ist in der Regel ohne Angabe personenbezogener Daten m\u00f6glich. Soweit auf unseren Seiten personenbezogene Daten (beispielsweise Name, Anschrift oder E-Mail-Adressen) erhoben werden, erfolgt dies, soweit m\u00f6glich, stets auf freiwilliger Basis.<\/p>\n<p class=\"font_8 wixui-rich-text__text\">\u00a0<\/p>\n<p class=\"font_8 wixui-rich-text__text\">Auftragsverarbeiter, Empf\u00e4nger<\/p>\n<p class=\"font_8 wixui-rich-text__text\">Wir verarbeiten Ihre personenbezogenen Daten mit der Unterst\u00fctzung von Auftragsverarbeitern, welche uns bei der Bereitstellung der Dienste unterst\u00fctzen (z.B. Webhoster, E-Mail-Newsletter-Versanddienst).<\/p>\n<p class=\"font_8 wixui-rich-text__text\">\u00a0<\/p>\n<p class=\"font_8 wixui-rich-text__text\">Diese Auftragsverarbeiter sind zum strengen Schutz Ihrer personenbezogenen Daten verpflichtet und d\u00fcrfen Ihre personenbezogenen Daten zu keinem anderen Zweck als zur Bereitstellung unserer Dienste verarbeiten.<\/p>\n<p class=\"font_8 wixui-rich-text__text\">\u00a0<\/p>\n<p class=\"font_8 wixui-rich-text__text\">Eine Weitergabe Ihrer personenbezogenen Daten erfolgt nur an wirtschaftstypische Dienstleister wie z.B. Banken (im Fall von \u00dcberweisungen an Sie), Steuerberater (falls Sie in unserer Buchhaltung vorkommen), Versanddienstleister (im Fall der Versendung an Sie), etc.<\/p>\n<p class=\"font_8 wixui-rich-text__text\">\u00a0<\/p>\n<p class=\"font_8 wixui-rich-text__text\">&#8212;&#8212;&#8212;&#8212;&#8212;&#8212;&#8212;&#8211;<\/p>\n<p class=\"font_8 wixui-rich-text__text\">\u00a0<\/p>\n<p class=\"font_8 wixui-rich-text__text\"><span class=\"wixui-rich-text__text\"><b>Ihre Rechte<\/b><\/span><\/p>\n<p class=\"font_8 wixui-rich-text__text\">\u00a0<\/p>\n<p class=\"font_8 wixui-rich-text__text\">Sie haben das Recht auf Auskunft, Berichtigung, L\u00f6schung und Einschr\u00e4nkung der Verarbeitung der personenbezogenen Daten.<\/p>\n<p class=\"font_8 wixui-rich-text__text\">\u00a0<\/p>\n<p class=\"font_8 wixui-rich-text__text\">Soweit die Rechtsgrundlage der Verarbeitung Ihrer personenbezogenen Daten in Ihrer Einwilligung oder in einem mit Ihnen abgeschlossenen Vertrag besteht, haben Sie zudem das Recht auf Daten\u00fcbertragbarkeit.<\/p>\n<p class=\"font_8 wixui-rich-text__text\">\u00a0<\/p>\n<p class=\"font_8 wixui-rich-text__text\">Sie haben das Recht auf Widerruf einer eventuell erteilten Einwilligung zur Verarbeitung Ihrer personenbezogenen Daten. Die Rechtm\u00e4\u00dfigkeit der Verarbeitung der personenbezogenen Daten bis zum Widerruf wird durch den Widerruf nicht ber\u00fchrt.<\/p>\n<p class=\"font_8 wixui-rich-text__text\">\u00a0<\/p>\n<p class=\"font_8 wixui-rich-text__text\">Sie haben das Recht auf Widerspruch gegen die Verarbeitung Ihrer personenbezogenen Daten zum Zweck der Direktwerbung. Im Fall des Widerspruchs werden Ihre personenbezogenen Daten nicht mehr zum Zwecke der Direktwerbung verarbeitet.<\/p>\n<p class=\"font_8 wixui-rich-text__text\">\u00a0<\/p>\n<p class=\"font_8 wixui-rich-text__text\">Weiters haben Sie das Recht auf Beschwerde bei der Aufsichtsbeh\u00f6rde (\u00d6sterreichische Datenschutzbeh\u00f6rde, Wickenburggasse 8, 1080 Wien,\u00a0<a class=\"wixui-rich-text__text\" href=\"mailto:dsb@dsb.gv.at\" data-auto-recognition=\"true\">dsb@dsb.gv.at<\/a>).<\/p>\n<p class=\"font_8 wixui-rich-text__text\">\u00a0<\/p>\n<p class=\"font_8 wixui-rich-text__text\">&#8212;&#8212;&#8212;&#8212;&#8212;&#8212;&#8212;&#8211;<\/p>\n<p class=\"font_8 wixui-rich-text__text\">\u00a0<\/p>\n<p class=\"font_8 wixui-rich-text__text\"><span class=\"wixui-rich-text__text\"><b>Cookies<\/b><\/span><\/p>\n<p class=\"font_8 wixui-rich-text__text\">\u00a0<\/p>\n<p class=\"font_8 wixui-rich-text__text\">Diese Website verwendet Cookies. Cookies machen Websites f\u00fcr den Benutzer benutzerfreundlicher und effizienter. Ein Cookie ist eine kleine Textdatei, die zur Speicherung von Informationen dient. Beim Besuch einer Website kann die Website auf dem Computer des Website-Besuchers ein Cookie platzieren. Besucht der Benutzer die Website sp\u00e4ter wieder, kann die Website die Daten des fr\u00fcher gespeicherten Cookies auslesen und so z.B. feststellen, ob der Benutzer die Website schon fr\u00fcher besucht hat und f\u00fcr welche Bereiche der Website sich der Benutzer besonders interessiert hat.<\/p>\n<p class=\"font_8 wixui-rich-text__text\">\u00a0<\/p>\n<p class=\"font_8 wixui-rich-text__text\">Mehr Informationen zu Cookies erhalten Sie auf\u00a0<a class=\"wixui-rich-text__text\" href=\"http:\/\/de.wikipedia.org\/wiki\/HTTP-Cookie\" target=\"_blank\" rel=\"noopener\" data-auto-recognition=\"true\">http:\/\/de.wikipedia.org\/wiki\/HTTP-Cookie<\/a><\/p>\n<p class=\"font_8 wixui-rich-text__text\">\u00a0<\/p>\n<p class=\"font_8 wixui-rich-text__text\">\u00c4ndern der Cookie-Einstellungen:<\/p>\n<p class=\"font_8 wixui-rich-text__text\">Wie der Web-Browser mit Cookies umgeht, welche Cookies zugelassen oder abgelehnt werden, kann der Benutzer in den Einstellungen des Web-Browsers festlegen. Wo genau sich diese Einstellungen befinden, h\u00e4ngt vom jeweiligen Web-Browser ab. Detailinformationen dazu k\u00f6nnen \u00fcber die Hilfe-Funktion des jeweiligen Web-Browsers aufgerufen werden.<\/p>\n<p class=\"font_8 wixui-rich-text__text\">Wenn die Nutzung von Cookies eingeschr\u00e4nkt wird, sind unter Umst\u00e4nden nicht mehr alle Funktionen dieser Website vollumf\u00e4nglich nutzbar.<\/p>\n<p class=\"font_8 wixui-rich-text__text\">\u00a0<\/p>\n<p class=\"font_8 wixui-rich-text__text\">Unsere Website verarbeitet folgende Cookies:<\/p>\n<p class=\"font_8 wixui-rich-text__text\">\u00a0<\/p>\n<p class=\"font_8 wixui-rich-text__text\">CookieConsent:<\/p>\n<p class=\"font_8 wixui-rich-text__text\">Dient zur Speicherung der Zustimmung zur Cookie-Verwendung.<\/p>\n<p class=\"font_8 wixui-rich-text__text\">Dieses Popup-Fenster erscheint beim ersten Zugriff des Benutzers auf die Website, um zu best\u00e4tigen, ob der Cookie-Haftungsausschluss akzeptiert wurde.<\/p>\n<p class=\"font_8 wixui-rich-text__text\">\u00a0<\/p>\n<p class=\"font_8 wixui-rich-text__text\">Essentielle und funktionale Cookies:<\/p>\n<\/div>\n<div id=\"comp-kmgb6vkz\" class=\"MazNVa comp-kmgb6vkz wixui-image\">\n<div class=\"j7pOnl\" data-testid=\"linkElement\"><img fetchpriority=\"high\" decoding=\"async\" src=\"https:\/\/static.wixstatic.com\/media\/239352_c9dc7b76a0ca4b6293945cb8bd433085~mv2.png\/v1\/fill\/w_621,h_729,al_c,q_90,enc_auto\/DSG%20Heck_PNG.png\" alt=\"DSG Heck.PNG\" width=\"600\" height=\"704\" \/><\/div>\n<\/div>\n<div id=\"comp-kmgb7uk8\" class=\"HcOXKn SxM0TO QxJLC3 comp-kmgb7uk8 wixui-rich-text\" data-testid=\"richTextElement\">\n<p class=\"font_8 wixui-rich-text__text\">Google Analytics:<\/p>\n<p class=\"font_8 wixui-rich-text__text\">Diese Website verwendet Google Analytics, einen Webanalysedienst der Google Inc, 1600 Amphitheatre Parkway Mountain View, CA 94043, USA (\u201eGoogle\u201c) auf der Rechtsgrundlage des \u00fcberwiegenden berechtigten Interesses (Analyse der Websitenutzung). Wir haben dazu mit Google einen Vertrag zur Auftragsdatenverarbeitung abgeschlossen.<\/p>\n<p class=\"font_8 wixui-rich-text__text\">Beim Aufruf unserer Webseite wird \u00fcber eine Software eine Verbindung zu den Servern von Google hergestellt und Daten an teils in den USA befindliche Server von Google \u00fcbermittelt. Google Analytics verwendet zudem Cookies zur Speicherung von Informationen \u00fcber den Website-Benutzer und zur Analyse der Benutzung der Website durch die Website-Benutzer.<\/p>\n<p class=\"font_8 wixui-rich-text__text\">Diese Website nutzt die Funktion &#8220;IP-Anonymisierung&#8221;. Dadurch wird Ihre IP-Adresse von Google innerhalb von Mitgliedstaaten der Europ\u00e4ischen Union oder in anderen Vertragsstaaten des Abkommens \u00fcber den Europ\u00e4ischen Wirtschaftsraum zuvor gek\u00fcrzt und damit anonymisiert. Nur in Ausnahmef\u00e4llen wird die volle IP-Adresse an einen Server von Google in den USA \u00fcbertragen und dort gek\u00fcrzt. Laut Angaben von Google wird Google die erhobenen Daten benutzen, um die Nutzung der Website auszuwerten, um Reports \u00fcber die Websiteaktivit\u00e4ten zusammenzustellen und um weitere mit der Websitenutzung und der Internetnutzung verbundene Dienstleistungen zu erbringen. Auch wird Google diese Informationen gegebenenfalls an Dritte \u00fcbertragen, sofern dies gesetzlich vorgeschrieben ist oder soweit Dritte diese Daten im Auftrag von Google verarbeiten.<\/p>\n<p class=\"font_8 wixui-rich-text__text\">Detaillierte Informationen zum Umgang mit Nutzerdaten bei Google Analytics finden Sie in der Datenschutzerkl\u00e4rung von Google &#8220;<a class=\"wixui-rich-text__text\" href=\"https:\/\/policies.google.com\/privacy?hl=de%22\" target=\"_blank\" rel=\"noopener\" data-auto-recognition=\"true\">https:\/\/policies.google.com\/privacy?hl=de&#8221;<\/a>\u00a0bzw. &#8220;<a class=\"wixui-rich-text__text\" href=\"https:\/\/support.google.com\/analytics\/answer\/6004245?hl=de%22.\" target=\"_blank\" rel=\"noopener\" data-auto-recognition=\"true\">https:\/\/support.google.com\/analytics\/answer\/6004245?hl=de&#8221;.<\/a><\/p>\n<p class=\"font_8 wixui-rich-text__text\">\u00a0<\/p>\n<p class=\"font_8 wixui-rich-text__text\">Google Analytics deaktivieren<\/p>\n<p class=\"font_8 wixui-rich-text__text\">Sie k\u00f6nnen die Erfassung Ihrer Nutzerdaten durch Google Analytics generell auf allen Websites verhindern, indem Sie das unter dem folgenden Link verf\u00fcgbare Browser-Plugin herunterladen und installieren: &#8220;<a class=\"wixui-rich-text__text\" href=\"https:\/\/tools.google.com\/dlpage\/gaoptout?hl=de%22\" target=\"_blank\" rel=\"noopener\" data-auto-recognition=\"true\">https:\/\/tools.google.com\/dlpage\/gaoptout?hl=de&#8221;<\/a><\/p>\n<p class=\"font_8 wixui-rich-text__text\">\u00a0<\/p>\n<p class=\"font_8 wixui-rich-text__text\">&#8212;&#8212;&#8212;&#8212;&#8212;&#8212;&#8212;&#8211;<\/p>\n<p class=\"font_8 wixui-rich-text__text\">\u00a0<\/p>\n<p class=\"font_8 wixui-rich-text__text\"><span class=\"wixui-rich-text__text\"><b>Log Information<\/b><\/span><\/p>\n<p class=\"font_8 wixui-rich-text__text\">\u00a0<\/p>\n<p class=\"font_8 wixui-rich-text__text\">Standardm\u00e4\u00dfig werden Einwilligungen, die \u00fcber das Cookie-Hinweisbanner erfasst werden, automatisch protokolliert. Das Einwilligungsprotokoll umfasst Informationen wie beispielsweise IP-Adresse, das verwendete Ger\u00e4t und Datum und Uhrzeit der Einwilligung. Die Consent-Policy-Parameter werden nach 12 Monaten automatisch gel\u00f6scht<\/p>\n<\/div>\t\t\t\t\t\t\t\t<\/div>\n\t\t\t\t<\/div>\n\t\t\t\t\t<\/div>\n\t\t\t\t<\/div>\n\t\t\t\t<\/div>\n\t\t","protected":false},"excerpt":{"rendered":"<p>Datenschutzerkl\u00e4rung \u00a0 Datenschutz H+P Consult GmbH \u00a0 H+P Consult GmbH nimmt den Schutz Ihrer personenbezogenen Daten sehr ernst. Wir verarbeiten Ihre personenbezogenen Daten entsprechend der gesetzlichen Datenschutzvorschriften sowie dieser Datenschutzerkl\u00e4rung. \u00a0 Die Nutzung unserer Webseite ist in der Regel ohne Angabe personenbezogener Daten m\u00f6glich. Soweit auf unseren Seiten personenbezogene Daten (beispielsweise Name, Anschrift oder E-Mail-Adressen) [&hellip;]<\/p>\n","protected":false},"author":1,"featured_media":0,"parent":0,"menu_order":0,"comment_status":"closed","ping_status":"closed","template":"","meta":{"_acf_changed":false,"footnotes":""},"class_list":["post-3","page","type-page","status-publish","hentry"],"acf":[],"yoast_head":"<!-- This site is optimized with the Yoast SEO plugin v26.8 - https:\/\/yoast.com\/product\/yoast-seo-wordpress\/ -->\n<title>Privacy Policy - Heck &amp; Partner<\/title>\n<meta name=\"robots\" content=\"index, follow, max-snippet:-1, max-image-preview:large, max-video-preview:-1\" \/>\n<link rel=\"canonical\" href=\"https:\/\/heck-partner.com\/de\/privacy-policy\/\" \/>\n<meta property=\"og:locale\" content=\"de_DE\" \/>\n<meta property=\"og:type\" content=\"article\" \/>\n<meta property=\"og:title\" content=\"Privacy Policy - Heck &amp; Partner\" \/>\n<meta property=\"og:description\" content=\"Datenschutzerkl\u00e4rung \u00a0 Datenschutz H+P Consult GmbH \u00a0 H+P Consult GmbH nimmt den Schutz Ihrer personenbezogenen Daten sehr ernst. Wir verarbeiten Ihre personenbezogenen Daten entsprechend der gesetzlichen Datenschutzvorschriften sowie dieser Datenschutzerkl\u00e4rung. \u00a0 Die Nutzung unserer Webseite ist in der Regel ohne Angabe personenbezogener Daten m\u00f6glich. Soweit auf unseren Seiten personenbezogene Daten (beispielsweise Name, Anschrift oder E-Mail-Adressen) [&hellip;]\" \/>\n<meta property=\"og:url\" content=\"https:\/\/heck-partner.com\/de\/privacy-policy\/\" \/>\n<meta property=\"og:site_name\" content=\"Heck &amp; Partner\" \/>\n<meta property=\"article:modified_time\" content=\"2024-07-03T19:26:06+00:00\" \/>\n<meta property=\"og:image\" content=\"https:\/\/static.wixstatic.com\/media\/239352_c9dc7b76a0ca4b6293945cb8bd433085~mv2.png\/v1\/fill\/w_621,h_729,al_c,q_90,enc_auto\/DSG%20Heck_PNG.png\" \/>\n<meta name=\"twitter:card\" content=\"summary_large_image\" \/>\n<meta name=\"twitter:label1\" content=\"Gesch\u00e4tzte Lesezeit\" \/>\n\t<meta name=\"twitter:data1\" content=\"5\u00a0Minuten\" \/>\n<script type=\"application\/ld+json\" class=\"yoast-schema-graph\">{\"@context\":\"https:\/\/schema.org\",\"@graph\":[{\"@type\":\"WebPage\",\"@id\":\"https:\/\/heck-partner.com\/privacy-policy\/\",\"url\":\"https:\/\/heck-partner.com\/privacy-policy\/\",\"name\":\"Privacy Policy - Heck &amp; Partner\",\"isPartOf\":{\"@id\":\"https:\/\/heck-partner.com\/#website\"},\"primaryImageOfPage\":{\"@id\":\"https:\/\/heck-partner.com\/privacy-policy\/#primaryimage\"},\"image\":{\"@id\":\"https:\/\/heck-partner.com\/privacy-policy\/#primaryimage\"},\"thumbnailUrl\":\"https:\/\/static.wixstatic.com\/media\/239352_c9dc7b76a0ca4b6293945cb8bd433085~mv2.png\/v1\/fill\/w_621,h_729,al_c,q_90,enc_auto\/DSG%20Heck_PNG.png\",\"datePublished\":\"2024-05-25T10:04:45+00:00\",\"dateModified\":\"2024-07-03T19:26:06+00:00\",\"breadcrumb\":{\"@id\":\"https:\/\/heck-partner.com\/privacy-policy\/#breadcrumb\"},\"inLanguage\":\"de\",\"potentialAction\":[{\"@type\":\"ReadAction\",\"target\":[\"https:\/\/heck-partner.com\/privacy-policy\/\"]}]},{\"@type\":\"ImageObject\",\"inLanguage\":\"de\",\"@id\":\"https:\/\/heck-partner.com\/privacy-policy\/#primaryimage\",\"url\":\"https:\/\/static.wixstatic.com\/media\/239352_c9dc7b76a0ca4b6293945cb8bd433085~mv2.png\/v1\/fill\/w_621,h_729,al_c,q_90,enc_auto\/DSG%20Heck_PNG.png\",\"contentUrl\":\"https:\/\/static.wixstatic.com\/media\/239352_c9dc7b76a0ca4b6293945cb8bd433085~mv2.png\/v1\/fill\/w_621,h_729,al_c,q_90,enc_auto\/DSG%20Heck_PNG.png\"},{\"@type\":\"BreadcrumbList\",\"@id\":\"https:\/\/heck-partner.com\/privacy-policy\/#breadcrumb\",\"itemListElement\":[{\"@type\":\"ListItem\",\"position\":1,\"name\":\"Startseite\",\"item\":\"https:\/\/heck-partner.com\/de\/\"},{\"@type\":\"ListItem\",\"position\":2,\"name\":\"Privacy Policy\"}]},{\"@type\":\"WebSite\",\"@id\":\"https:\/\/heck-partner.com\/#website\",\"url\":\"https:\/\/heck-partner.com\/\",\"name\":\"Heck &amp; Partner\",\"description\":\"Baubetrieb und Bauwirtschaft\",\"publisher\":{\"@id\":\"https:\/\/heck-partner.com\/#organization\"},\"potentialAction\":[{\"@type\":\"SearchAction\",\"target\":{\"@type\":\"EntryPoint\",\"urlTemplate\":\"https:\/\/heck-partner.com\/?s={search_term_string}\"},\"query-input\":{\"@type\":\"PropertyValueSpecification\",\"valueRequired\":true,\"valueName\":\"search_term_string\"}}],\"inLanguage\":\"de\"},{\"@type\":\"Organization\",\"@id\":\"https:\/\/heck-partner.com\/#organization\",\"name\":\"Heck &amp; Partner\",\"url\":\"https:\/\/heck-partner.com\/\",\"logo\":{\"@type\":\"ImageObject\",\"inLanguage\":\"de\",\"@id\":\"https:\/\/heck-partner.com\/#\/schema\/logo\/image\/\",\"url\":\"https:\/\/heck-partner.com\/wp-content\/uploads\/2024\/05\/Logo-HeckPartner-2.webp\",\"contentUrl\":\"https:\/\/heck-partner.com\/wp-content\/uploads\/2024\/05\/Logo-HeckPartner-2.webp\",\"width\":480,\"height\":132,\"caption\":\"Heck &amp; Partner\"},\"image\":{\"@id\":\"https:\/\/heck-partner.com\/#\/schema\/logo\/image\/\"}}]}<\/script>\n<!-- \/ Yoast SEO plugin. -->","yoast_head_json":{"title":"Privacy Policy - Heck &amp; Partner","robots":{"index":"index","follow":"follow","max-snippet":"max-snippet:-1","max-image-preview":"max-image-preview:large","max-video-preview":"max-video-preview:-1"},"canonical":"https:\/\/heck-partner.com\/de\/privacy-policy\/","og_locale":"de_DE","og_type":"article","og_title":"Privacy Policy - Heck &amp; Partner","og_description":"Datenschutzerkl\u00e4rung \u00a0 Datenschutz H+P Consult GmbH \u00a0 H+P Consult GmbH nimmt den Schutz Ihrer personenbezogenen Daten sehr ernst. Wir verarbeiten Ihre personenbezogenen Daten entsprechend der gesetzlichen Datenschutzvorschriften sowie dieser Datenschutzerkl\u00e4rung. \u00a0 Die Nutzung unserer Webseite ist in der Regel ohne Angabe personenbezogener Daten m\u00f6glich. Soweit auf unseren Seiten personenbezogene Daten (beispielsweise Name, Anschrift oder E-Mail-Adressen) [&hellip;]","og_url":"https:\/\/heck-partner.com\/de\/privacy-policy\/","og_site_name":"Heck &amp; Partner","article_modified_time":"2024-07-03T19:26:06+00:00","og_image":[{"url":"https:\/\/static.wixstatic.com\/media\/239352_c9dc7b76a0ca4b6293945cb8bd433085~mv2.png\/v1\/fill\/w_621,h_729,al_c,q_90,enc_auto\/DSG%20Heck_PNG.png","type":"","width":"","height":""}],"twitter_card":"summary_large_image","twitter_misc":{"Gesch\u00e4tzte Lesezeit":"5\u00a0Minuten"},"schema":{"@context":"https:\/\/schema.org","@graph":[{"@type":"WebPage","@id":"https:\/\/heck-partner.com\/privacy-policy\/","url":"https:\/\/heck-partner.com\/privacy-policy\/","name":"Privacy Policy - Heck &amp; Partner","isPartOf":{"@id":"https:\/\/heck-partner.com\/#website"},"primaryImageOfPage":{"@id":"https:\/\/heck-partner.com\/privacy-policy\/#primaryimage"},"image":{"@id":"https:\/\/heck-partner.com\/privacy-policy\/#primaryimage"},"thumbnailUrl":"https:\/\/static.wixstatic.com\/media\/239352_c9dc7b76a0ca4b6293945cb8bd433085~mv2.png\/v1\/fill\/w_621,h_729,al_c,q_90,enc_auto\/DSG%20Heck_PNG.png","datePublished":"2024-05-25T10:04:45+00:00","dateModified":"2024-07-03T19:26:06+00:00","breadcrumb":{"@id":"https:\/\/heck-partner.com\/privacy-policy\/#breadcrumb"},"inLanguage":"de","potentialAction":[{"@type":"ReadAction","target":["https:\/\/heck-partner.com\/privacy-policy\/"]}]},{"@type":"ImageObject","inLanguage":"de","@id":"https:\/\/heck-partner.com\/privacy-policy\/#primaryimage","url":"https:\/\/static.wixstatic.com\/media\/239352_c9dc7b76a0ca4b6293945cb8bd433085~mv2.png\/v1\/fill\/w_621,h_729,al_c,q_90,enc_auto\/DSG%20Heck_PNG.png","contentUrl":"https:\/\/static.wixstatic.com\/media\/239352_c9dc7b76a0ca4b6293945cb8bd433085~mv2.png\/v1\/fill\/w_621,h_729,al_c,q_90,enc_auto\/DSG%20Heck_PNG.png"},{"@type":"BreadcrumbList","@id":"https:\/\/heck-partner.com\/privacy-policy\/#breadcrumb","itemListElement":[{"@type":"ListItem","position":1,"name":"Startseite","item":"https:\/\/heck-partner.com\/de\/"},{"@type":"ListItem","position":2,"name":"Privacy Policy"}]},{"@type":"WebSite","@id":"https:\/\/heck-partner.com\/#website","url":"https:\/\/heck-partner.com\/","name":"Heck &amp; Partner","description":"Baubetrieb und Bauwirtschaft","publisher":{"@id":"https:\/\/heck-partner.com\/#organization"},"potentialAction":[{"@type":"SearchAction","target":{"@type":"EntryPoint","urlTemplate":"https:\/\/heck-partner.com\/?s={search_term_string}"},"query-input":{"@type":"PropertyValueSpecification","valueRequired":true,"valueName":"search_term_string"}}],"inLanguage":"de"},{"@type":"Organization","@id":"https:\/\/heck-partner.com\/#organization","name":"Heck &amp; Partner","url":"https:\/\/heck-partner.com\/","logo":{"@type":"ImageObject","inLanguage":"de","@id":"https:\/\/heck-partner.com\/#\/schema\/logo\/image\/","url":"https:\/\/heck-partner.com\/wp-content\/uploads\/2024\/05\/Logo-HeckPartner-2.webp","contentUrl":"https:\/\/heck-partner.com\/wp-content\/uploads\/2024\/05\/Logo-HeckPartner-2.webp","width":480,"height":132,"caption":"Heck &amp; Partner"},"image":{"@id":"https:\/\/heck-partner.com\/#\/schema\/logo\/image\/"}}]}},"_links":{"self":[{"href":"https:\/\/heck-partner.com\/de\/wp-json\/wp\/v2\/pages\/3","targetHints":{"allow":["GET"]}}],"collection":[{"href":"https:\/\/heck-partner.com\/de\/wp-json\/wp\/v2\/pages"}],"about":[{"href":"https:\/\/heck-partner.com\/de\/wp-json\/wp\/v2\/types\/page"}],"author":[{"embeddable":true,"href":"https:\/\/heck-partner.com\/de\/wp-json\/wp\/v2\/users\/1"}],"replies":[{"embeddable":true,"href":"https:\/\/heck-partner.com\/de\/wp-json\/wp\/v2\/comments?post=3"}],"version-history":[{"count":0,"href":"https:\/\/heck-partner.com\/de\/wp-json\/wp\/v2\/pages\/3\/revisions"}],"wp:attachment":[{"href":"https:\/\/heck-partner.com\/de\/wp-json\/wp\/v2\/media?parent=3"}],"curies":[{"name":"wp","href":"https:\/\/api.w.org\/{rel}","templated":true}]}}